{"id":6,"date":"2024-07-31T18:23:49","date_gmt":"2024-07-31T16:23:49","guid":{"rendered":"https:\/\/oscar.vitogiuffrida.com\/?page_id=6"},"modified":"2024-12-06T16:15:50","modified_gmt":"2024-12-06T15:15:50","slug":"oscar","status":"publish","type":"page","link":"https:\/\/oscar.vitogiuffrida.com\/","title":{"rendered":"Oscar Wilde a Taormina"},"content":{"rendered":"<div\n    id=\"h5ap-player-1\"\n    data-id=\"h5ap-player-1\"\n    data-attributes=\"{&quot;uniqueId&quot;:&quot;h5apf06da24b&quot;,&quot;clientId&quot;:&quot;f06da24b-348a-4868-9e1e-39b7a6d1f439&quot;,&quot;source&quot;:&quot;https:\\\/\\\/oscar.vitogiuffrida.com\\\/wp-content\\\/uploads\\\/2024\\\/10\\\/definitivo_italiano_m4a.m4a&quot;,&quot;primaryColor&quot;:&quot;#4A5464&quot;,&quot;bgColor&quot;:&quot;#EEEEEE&quot;,&quot;autoplay&quot;:true,&quot;radius&quot;:&quot;16px&quot;,&quot;CSS&quot;:&quot;#h5apf06da24b .plyr{justify-content: ;--plyr-color-main: #4A5464; --plyr-color-bg: #EEEEEE}#h5apf06da24b .h5ap_standard_player {width: 100%;}#h5apf06da24b .plyr__controls {--plyr-audio-control-color: #4a5464;background: #EEEEEE;border-radius:16px}#h5apf06da24b .radius{border-radius: 16px}#h5apf06da24b .skin_default .plyr__control,#h5apf06da24b{--theme-skin-wave-color: #4A5464;}&quot;,&quot;align&quot;:&quot;&quot;,&quot;alignment&quot;:&quot;left&quot;,&quot;poster&quot;:&quot;&quot;,&quot;title&quot;:&quot;audio title&quot;,&quot;artist&quot;:&quot;&quot;,&quot;color&quot;:&quot;#87ceeb&quot;,&quot;hoverColor&quot;:&quot;#00B3FF&quot;,&quot;controlColor&quot;:&quot;#4a5464&quot;,&quot;skin&quot;:&quot;Default&quot;,&quot;repeat&quot;:false,&quot;muted&quot;:false,&quot;loader&quot;:false,&quot;saveState&quot;:false,&quot;disablePause&quot;:false,&quot;seekTime&quot;:10,&quot;startTime&quot;:0,&quot;preload&quot;:&quot;metadata&quot;,&quot;download&quot;:true,&quot;width&quot;:&quot;100%&quot;,&quot;speed&quot;:{&quot;selected&quot;:1,&quot;speed&quot;:[&quot;0.5&quot;,&quot; 0.75&quot;,&quot; 1&quot;,&quot; 1.25&quot;,&quot; 1.5&quot;,&quot; 1.75&quot;,&quot; 2&quot;,&quot; 4&quot;,&quot; 8&quot;]},&quot;controls&quot;:{&quot;restart&quot;:false,&quot;rewind&quot;:false,&quot;play&quot;:true,&quot;fast-forward&quot;:false,&quot;progress&quot;:true,&quot;duration&quot;:false,&quot;current-time&quot;:true,&quot;mute&quot;:true,&quot;volume&quot;:true,&quot;settings&quot;:true,&quot;download&quot;:false},&quot;isSticky&quot;:false,&quot;multiple_audio&quot;:false,&quot;defaultValue&quot;:{&quot;Default&quot;:{&quot;primaryColor&quot;:&quot;#4A5464&quot;,&quot;controlColor&quot;:&quot;#4A5464&quot;,&quot;bgColor&quot;:&quot;#F5F5F5&quot;},&quot;Fusion&quot;:{&quot;primaryColor&quot;:&quot;#fff&quot;,&quot;bgColor&quot;:&quot;#161616&quot;},&quot;Stamp&quot;:{&quot;controlColor&quot;:&quot;#fff&quot;,&quot;bgColor&quot;:&quot;#161616&quot;},&quot;Wave&quot;:{&quot;primaryColor&quot;:&quot;#fff&quot;,&quot;controlColor&quot;:&quot;#fff&quot;,&quot;bgColor&quot;:&quot;#161616&quot;},&quot;Card-1&quot;:{&quot;primaryColor&quot;:&quot;#fff&quot;,&quot;controlColor&quot;:&quot;#161616&quot;,&quot;bgColor&quot;:&quot;#161616&quot;,&quot;textColor&quot;:&quot;#fff&quot;},&quot;Card-2&quot;:{&quot;primaryColor&quot;:&quot;#00FBF3&quot;,&quot;controlColor&quot;:&quot;#fff&quot;,&quot;bgColor&quot;:&quot;#161616&quot;,&quot;textColor&quot;:&quot;#fff&quot;},&quot;Simple-1&quot;:{&quot;primaryColor&quot;:&quot;#00dcff&quot;,&quot;controlColor&quot;:&quot;#fff&quot;,&quot;bgColor&quot;:&quot;#161616&quot;,&quot;textColor&quot;:&quot;#00dcff&quot;},&quot;Simple-2&quot;:{&quot;primaryColor&quot;:&quot;#06F7FF00&quot;,&quot;controlColor&quot;:&quot;#fff&quot;,&quot;bgColor&quot;:&quot;#161616&quot;},&quot;Player9&quot;:{&quot;primaryColor&quot;:&quot;#195FF6&quot;,&quot;controlColor&quot;:&quot;#fff&quot;,&quot;bgColor&quot;:&quot;#161616&quot;,&quot;textColor&quot;:&quot;#EDEFF2&quot;},&quot;Player10&quot;:{&quot;primaryColor&quot;:&quot;#195FF6&quot;,&quot;controlColor&quot;:&quot;#fff&quot;,&quot;bgColor&quot;:&quot;#161616&quot;,&quot;textColor&quot;:&quot;#EDEFF2&quot;},&quot;Player11&quot;:{&quot;primaryColor&quot;:&quot;#195FF6&quot;,&quot;controlColor&quot;:&quot;#fff&quot;,&quot;bgColor&quot;:&quot;#161616&quot;,&quot;textColor&quot;:&quot;#fff&quot;}},&quot;i18n&quot;:{&quot;restart&quot;:&quot;Restart&quot;,&quot;rewind&quot;:&quot;Rewind {seektime}s&quot;,&quot;play&quot;:&quot;Play&quot;,&quot;pause&quot;:&quot;Pause&quot;,&quot;fastForward:&quot;:&quot;Forward {seektime}s&quot;,&quot;seek&quot;:&quot;Seek&quot;,&quot;seekLabel&quot;:&quot;{currentTime} of {duration}&quot;,&quot;played&quot;:&quot;Played&quot;,&quot;buffered&quot;:&quot;Buffered&quot;,&quot;currentTime:&quot;:&quot;Current time&quot;,&quot;duration&quot;:&quot;Duration&quot;,&quot;volume&quot;:&quot;Volume&quot;,&quot;mute&quot;:&quot;Mute&quot;,&quot;unmute&quot;:&quot;Unmute&quot;,&quot;enableCaptions&quot;:&quot;Enable captions&quot;,&quot;disableCaptions&quot;:&quot;Disable captions&quot;,&quot;download&quot;:&quot;Download&quot;,&quot;enterFullscreen&quot;:&quot;Enter fullscreen&quot;,&quot;exitFullscreen&quot;:&quot;Exit fullscreen&quot;,&quot;frameTitle&quot;:&quot;Player for {title}&quot;,&quot;captions&quot;:&quot;Captions&quot;,&quot;settings&quot;:&quot;Settings&quot;,&quot;pip&quot;:&quot;PIP&quot;,&quot;menuBack&quot;:&quot;Go back to previous menu&quot;,&quot;speed&quot;:&quot;Speed&quot;,&quot;normal&quot;:&quot;Normal&quot;,&quot;quality&quot;:&quot;Quality&quot;,&quot;loop&quot;:&quot;Loop&quot;,&quot;start&quot;:&quot;Start&quot;,&quot;end&quot;:&quot;End&quot;,&quot;all&quot;:&quot;All&quot;,&quot;reset&quot;:&quot;Reset&quot;,&quot;disabled&quot;:&quot;Disabled&quot;,&quot;enabled&quot;:&quot;Enabled&quot;,&quot;advertisement&quot;:&quot;Ad&quot;,&quot;qualityBadge&quot;:{&quot;2160&quot;:&quot;4K&quot;,&quot;1440&quot;:&quot;HD&quot;,&quot;1080&quot;:&quot;HD&quot;,&quot;720&quot;:&quot;HD&quot;,&quot;576&quot;:&quot;SD&quot;,&quot;480&quot;:&quot;SD&quot;}}}\"\n    class=\"wp-block-h5ap-audioplayer\">\n    <\/div>\n\n\n<p class=\"has-contrast-2-color has-text-color has-link-color has-small-font-size wp-elements-c0b38ce1742152cee61fef4ae2ee24be\" style=\"margin-top:0;margin-right:0px;margin-bottom:0;margin-left:0px;padding-top:0;padding-right:0.4rem;padding-bottom:0;padding-left:0.4rem\">Voce narrante: Salvo Genovesi<\/p>\n\n\n\n<p><a href=\"https:\/\/maps.app.goo.gl\/ZZ3r2ME6B1Ytdjp3A\" data-type=\"link\" data-id=\"https:\/\/maps.app.goo.gl\/ZZ3r2ME6B1Ytdjp3A\" target=\"_blank\" rel=\"noreferrer noopener\">Carica una recensione su Google Maps<\/a><\/p>\n\n\n\n<p><span id=\"segment1\">Sono stato gi\u00e0<\/span> <span id=\"segment2\">qui nel 1898,<\/span> <span id=\"segment3\">ma allora<\/span> <span id=\"segment4\">non ero cos\u00ec bello<\/span>, <span id=\"segment5\">giovane e dandy.<\/span><\/p>\n\n\n\n<figure class=\"wp-block-image size-full has-custom-border is-style-rounded is-style-rounded--2\"><img loading=\"lazy\" decoding=\"async\" width=\"640\" height=\"941\" src=\"https:\/\/oscar.vitogiuffrida.com\/wp-content\/uploads\/2024\/09\/Oscar_Wilde_3g07095u-adjust.jpg\" alt=\"\" class=\"wp-image-132\" style=\"border-radius:16px\" srcset=\"https:\/\/oscar.vitogiuffrida.com\/wp-content\/uploads\/2024\/09\/Oscar_Wilde_3g07095u-adjust.jpg 640w, https:\/\/oscar.vitogiuffrida.com\/wp-content\/uploads\/2024\/09\/Oscar_Wilde_3g07095u-adjust-204x300.jpg 204w\" sizes=\"auto, (max-width: 640px) 100vw, 640px\" \/><figcaption class=\"wp-element-caption\">Foto di Napoleon Sarony<\/figcaption><\/figure>\n\n\n\n<p id=\"segment2\">Quello che vedi \u00e8 ci\u00f2 che vedo io\u2026quando non mi guardo allo specchio.<\/p>\n\n\n\n<p>Per quello che sono, per la libert\u00e0 di poterlo essere alla luce del sole, sono stato giudicato\u2026condannato a due anni di lavori forzati che hanno cambiato il mio spirito ed il mio corpo.<\/p>\n\n\n\n<figure class=\"wp-block-image size-full has-custom-border is-style-rounded is-style-rounded--3\"><img loading=\"lazy\" decoding=\"async\" width=\"644\" height=\"790\" src=\"https:\/\/oscar.vitogiuffrida.com\/wp-content\/uploads\/2024\/09\/44-toulouse-lautrec-ritratto-di-oscar-wilde.webp\" alt=\"\" class=\"wp-image-129\" style=\"border-radius:16px\" srcset=\"https:\/\/oscar.vitogiuffrida.com\/wp-content\/uploads\/2024\/09\/44-toulouse-lautrec-ritratto-di-oscar-wilde.webp 644w, https:\/\/oscar.vitogiuffrida.com\/wp-content\/uploads\/2024\/09\/44-toulouse-lautrec-ritratto-di-oscar-wilde-245x300.webp 245w\" sizes=\"auto, (max-width: 644px) 100vw, 644px\" \/><figcaption class=\"wp-element-caption\">Ritratto di Toulouse Lautrec<\/figcaption><\/figure>\n\n\n\n<p>Scontata la mia pena, ho perso tutto, moglie, figli, prestigio e denaro. Costretto a fuggire dalla vittoriana e bigotta Inghilterra, ho preferito viaggiare sotto mentite spoglie. Quante umiliazioni\u2026come essere invitato ad alzarmi dal tavolo di un ristorante, perch\u00e9 indesiderato.<\/p>\n\n\n\n<p>Qui a Taormina, invece\u2026accolto in una ritrovata Arcadia, in questo magico posto ho apprezzato e goduto della bellezza dei paesaggi e della genuinit\u00e0 della gente, ho frequentato l\u2019atelier del pittore <a href=\"https:\/\/it.wikipedia.org\/wiki\/Otto_Geleng\" data-type=\"link\" data-id=\"https:\/\/it.wikipedia.org\/wiki\/Otto_Geleng\">Otto Geleng<\/a>, lo studio fotografico di <a href=\"https:\/\/it.wikipedia.org\/wiki\/Wilhelm_von_Gloeden\" data-type=\"link\" data-id=\"https:\/\/it.wikipedia.org\/wiki\/Wilhelm_von_Gloeden\">Wilhelm von Gloeden<\/a>, che tanto ha insistito affinch\u00e9 io ritornassi.<\/p>\n\n\n\n<p>Da questo posto ho scritto al mio \u201camore\u201d: \u00abho trovato quaggi\u00f9 il paradiso degli innamorati dove verremo un giorno a vivere insieme\u00bb.<\/p>\n\n\n\n<p>Ho dovuto lasciare Taormina il 13 febbraio 1898, ma adesso\u2026 sono di nuovo qui! Sono tornato grazie alla \u201cfollia\u201d di chi mi ha voluto ritrarre, perch\u00e9 grazie alla follia possiamo creare\u2026amare\u2026i poeti e gli artisti devono essere ispirati, ma per esserlo qualcuno deve soffiarci dentro, un dio?&#8230; forse?<\/p>\n\n\n\n<p>Platone diceva: <em>\u00abi doni pi\u00f9 grandi ci vengono dalla follia, naturalmente concessa per dono divino\u00bb<\/em><\/p>\n\n\n\n<p>\u00c8 forse dunque per il dire di Platone che mi ha immaginato cos\u00ec?<\/p>\n\n\n\n<p>Giovane, con un garofano verde nel taschino, e le farfalle blu<\/p>\n\n\n\n<p><strong>Perch\u00e9?<\/strong><\/p>\n\n\n\n<p>Il garofano verde, per omaggiare il romanzo di <a href=\"https:\/\/en.wikipedia.org\/wiki\/Robert_Hichens_(writer)\" data-type=\"link\" data-id=\"https:\/\/it.wikipedia.org\/wiki\/Robert_Hichens\">Robert Hichens<\/a>, che ha raccontato la mia storia d\u2019amore.<\/p>\n\n\n\n<p>Sul volo di farfalle, <a href=\"https:\/\/it.wikipedia.org\/wiki\/Hermann_Hesse\" data-type=\"link\" data-id=\"https:\/\/it.wikipedia.org\/wiki\/Hermann_Hesse\">Hermann Hesse<\/a> pu\u00f2 dire meglio di chiunque altro\u2026dice che la farfalla non \u00e8 un insetto come gli altri, ma solamente l\u2019ultima pi\u00f9 elevata ed importante fase della sua esistenza. <\/p>\n\n\n\n<p>\u00c8 la forma festosa nuziale di un insetto che \u00e8 stato giacente crisalide e ancor prima affamato bruco. <\/p>\n\n\n\n<p>La farfalla non vive per cibarsi o per invecchiare, vive solamente per amare e concepire ed \u00e8 per questo che \u00e8 avvolta in un abito mirabile.<\/p>\n\n\n\n<p>\u00c8 l\u2019emblema sia dell\u2019effimero, sia di ci\u00f2 che durer\u00e0 in eterno.<\/p>\n\n\n\n<p><strong>\u00abSi pu\u00f2 esistere senza arte, ma senza di essa non si pu\u00f2 vivere\u00bb<\/strong><\/p>\n\n\n\n<p><\/p>\n\n\n\n<figure class=\"wp-block-image size-large has-custom-border is-style-rounded is-style-rounded--4\"><img loading=\"lazy\" decoding=\"async\" width=\"1024\" height=\"784\" src=\"https:\/\/oscar.vitogiuffrida.com\/wp-content\/uploads\/2024\/11\/DSC00648-Migliorato-2-1024x784.jpg\" alt=\"\" class=\"wp-image-354\" style=\"border-style:none;border-width:0px;border-radius:16px\" srcset=\"https:\/\/oscar.vitogiuffrida.com\/wp-content\/uploads\/2024\/11\/DSC00648-Migliorato-2-1024x784.jpg 1024w, https:\/\/oscar.vitogiuffrida.com\/wp-content\/uploads\/2024\/11\/DSC00648-Migliorato-2-300x230.jpg 300w, https:\/\/oscar.vitogiuffrida.com\/wp-content\/uploads\/2024\/11\/DSC00648-Migliorato-2-768x588.jpg 768w, https:\/\/oscar.vitogiuffrida.com\/wp-content\/uploads\/2024\/11\/DSC00648-Migliorato-2-1536x1176.jpg 1536w, https:\/\/oscar.vitogiuffrida.com\/wp-content\/uploads\/2024\/11\/DSC00648-Migliorato-2-2048x1568.jpg 2048w\" sizes=\"auto, (max-width: 1024px) 100vw, 1024px\" \/><figcaption class=\"wp-element-caption\">Da sinistra: dott. Antonino Borruto (Consigliere Rotary Club), prof. Carlo Turchetti (Prefetto Rotary Club), onorevole Cateno De Luca (sindaco di Taormina), scultore Vito Giuffrida<\/figcaption><\/figure>\n\n\n\n<figure class=\"wp-block-image size-large has-custom-border\"><a href=\"https:\/\/www.etsy.com\/listing\/1770384550\/oscar-wilde-decorative-art-statue\" target=\"_blank\" rel=\" noreferrer noopener\"><img loading=\"lazy\" decoding=\"async\" width=\"683\" height=\"1024\" src=\"https:\/\/oscar.vitogiuffrida.com\/wp-content\/uploads\/2024\/12\/oscar-683x1024.webp\" alt=\"\" class=\"wp-image-385\" style=\"border-style:none;border-width:0px;border-radius:16px\" srcset=\"https:\/\/oscar.vitogiuffrida.com\/wp-content\/uploads\/2024\/12\/oscar-683x1024.webp 683w, https:\/\/oscar.vitogiuffrida.com\/wp-content\/uploads\/2024\/12\/oscar-200x300.webp 200w, https:\/\/oscar.vitogiuffrida.com\/wp-content\/uploads\/2024\/12\/oscar-768x1152.webp 768w, https:\/\/oscar.vitogiuffrida.com\/wp-content\/uploads\/2024\/12\/oscar-1024x1536.webp 1024w, https:\/\/oscar.vitogiuffrida.com\/wp-content\/uploads\/2024\/12\/oscar-1365x2048.webp 1365w, https:\/\/oscar.vitogiuffrida.com\/wp-content\/uploads\/2024\/12\/oscar-scaled.webp 1707w\" sizes=\"auto, (max-width: 683px) 100vw, 683px\" \/><\/a><\/figure>\n\n\n\n<p class=\"has-text-align-center has-large-font-size\" style=\"margin-top:0;margin-bottom:0\"><strong><a href=\"https:\/\/www.etsy.com\/listing\/1770384550\/oscar-wilde-decorative-art-statue\" data-type=\"link\" data-id=\"https:\/\/www.etsy.com\/listing\/1770384550\/oscar-wilde-decorative-art-statue\" target=\"_blank\" rel=\"noreferrer noopener\">Compra una miniatura<\/a><\/strong><\/p>\n\n\n\n<p><\/p>\n","protected":false},"excerpt":{"rendered":"<p>Voce narrante: Salvo Genovesi Carica una recensione su Google Maps Sono stato gi\u00e0 qui nel 1898, ma allora non ero cos\u00ec bello, giovane e dandy. Quello che vedi \u00e8 ci\u00f2 che vedo io\u2026quando non mi guardo allo specchio. Per quello che sono, per la libert\u00e0 di poterlo essere alla luce del sole, sono stato giudicato\u2026condannato [&hellip;]<\/p>\n","protected":false},"author":1,"featured_media":0,"parent":0,"menu_order":0,"comment_status":"closed","ping_status":"closed","template":"","meta":{"footnotes":""},"class_list":["post-6","page","type-page","status-publish","hentry"],"jetpack_sharing_enabled":true,"_links":{"self":[{"href":"https:\/\/oscar.vitogiuffrida.com\/index.php\/wp-json\/wp\/v2\/pages\/6","targetHints":{"allow":["GET"]}}],"collection":[{"href":"https:\/\/oscar.vitogiuffrida.com\/index.php\/wp-json\/wp\/v2\/pages"}],"about":[{"href":"https:\/\/oscar.vitogiuffrida.com\/index.php\/wp-json\/wp\/v2\/types\/page"}],"author":[{"embeddable":true,"href":"https:\/\/oscar.vitogiuffrida.com\/index.php\/wp-json\/wp\/v2\/users\/1"}],"replies":[{"embeddable":true,"href":"https:\/\/oscar.vitogiuffrida.com\/index.php\/wp-json\/wp\/v2\/comments?post=6"}],"version-history":[{"count":112,"href":"https:\/\/oscar.vitogiuffrida.com\/index.php\/wp-json\/wp\/v2\/pages\/6\/revisions"}],"predecessor-version":[{"id":392,"href":"https:\/\/oscar.vitogiuffrida.com\/index.php\/wp-json\/wp\/v2\/pages\/6\/revisions\/392"}],"wp:attachment":[{"href":"https:\/\/oscar.vitogiuffrida.com\/index.php\/wp-json\/wp\/v2\/media?parent=6"}],"curies":[{"name":"wp","href":"https:\/\/api.w.org\/{rel}","templated":true}]}}